{"id":247,"date":"2023-05-20T10:46:43","date_gmt":"2023-05-20T10:46:43","guid":{"rendered":"https:\/\/rgalia.es\/?page_id=247"},"modified":"2023-06-12T19:50:26","modified_gmt":"2023-06-12T19:50:26","slug":"localizaciones","status":"publish","type":"page","link":"https:\/\/rgalia.es\/inicio\/localizaciones\/","title":{"rendered":"Localizaciones sXI"},"content":{"rendered":"\n<div style=\"height:28px\" aria-hidden=\"true\" class=\"wp-block-spacer\"><\/div>\n\n\n\n<h1 class=\"wp-block-heading alignfull has-text-align-center\" style=\"font-size:30px\">\u00bfQuieres conocer los lugares que recorri\u00f3 Al\u00ed?<\/h1>\n\n\n\n<div class=\"wp-block-columns is-layout-flex wp-container-core-columns-layout-1 wp-block-columns-is-layout-flex\">\n<div class=\"wp-block-column is-layout-flow wp-block-column-is-layout-flow\">\n<div class=\"wp-block-media-text alignwide is-stacked-on-mobile is-vertically-aligned-top\" style=\"grid-template-columns:56% auto\"><figure class=\"wp-block-media-text__media\"><a href=\"https:\/\/www.leyendasdetoledo.com\/toledo\/leyendas\/tulaytulah\/\" target=\"_blank\" rel=\"noreferrer noopener\"><img loading=\"lazy\" decoding=\"async\" width=\"492\" height=\"330\" src=\"https:\/\/rgalia.es\/wp-content\/uploads\/2023\/05\/Palacio-Galiana-1.jpg\" alt=\"\" class=\"wp-image-265 size-full\" srcset=\"https:\/\/rgalia.es\/wp-content\/uploads\/2023\/05\/Palacio-Galiana-1.jpg 492w, https:\/\/rgalia.es\/wp-content\/uploads\/2023\/05\/Palacio-Galiana-1-300x201.jpg 300w\" sizes=\"(max-width: 492px) 100vw, 492px\" \/><\/a><\/figure><div class=\"wp-block-media-text__content\">\n<p><strong><em>Tulaytulah<\/em><\/strong><br>nombre \u00e1rabe por el que en el sXI se conoc\u00eda a la actual Toledo que significa la Alegre. <\/p>\n<\/div><\/div>\n<\/div>\n\n\n\n<div class=\"wp-block-column is-layout-flow wp-block-column-is-layout-flow\">\n<div class=\"wp-block-media-text alignwide is-stacked-on-mobile is-vertically-aligned-top\" style=\"grid-template-columns:56% auto\"><figure class=\"wp-block-media-text__media\"><a href=\"https:\/\/lamejortierradecastilla.com\/tag\/talabayra\/\" target=\"_blank\" rel=\"noreferrer noopener\"><img loading=\"lazy\" decoding=\"async\" width=\"492\" height=\"330\" src=\"https:\/\/rgalia.es\/wp-content\/uploads\/2023\/05\/talavera-2.jpg\" alt=\"\" class=\"wp-image-266 size-full\" srcset=\"https:\/\/rgalia.es\/wp-content\/uploads\/2023\/05\/talavera-2.jpg 492w, https:\/\/rgalia.es\/wp-content\/uploads\/2023\/05\/talavera-2-300x201.jpg 300w\" sizes=\"(max-width: 492px) 100vw, 492px\" \/><\/a><\/figure><div class=\"wp-block-media-text__content\">\n<p><strong><em>Al-Talabayra<\/em><\/strong><br>la actual Talavera de la Reina fue una ciudad de la Marca Media perteneciente a la taifa de Tulaytulah, de fundaci\u00f3n andalus\u00ed y car\u00e1cter principalmente militar.<\/p>\n<\/div><\/div>\n<\/div>\n<\/div>\n\n\n\n<div class=\"wp-block-columns is-layout-flex wp-container-core-columns-layout-2 wp-block-columns-is-layout-flex\">\n<div class=\"wp-block-column is-layout-flow wp-block-column-is-layout-flow\">\n<div class=\"wp-block-media-text alignwide is-stacked-on-mobile is-vertically-aligned-top\" style=\"grid-template-columns:56% auto\"><figure class=\"wp-block-media-text__media\"><a href=\"https:\/\/cultura.castillalamancha.es\/patrimonio\/yacimientos-visitables\/ciudad-de-vascos\" target=\"_blank\" rel=\"noreferrer noopener\"><img loading=\"lazy\" decoding=\"async\" width=\"776\" height=\"597\" src=\"https:\/\/rgalia.es\/wp-content\/uploads\/2023\/05\/vascos-2-1.jpg\" alt=\"\" class=\"wp-image-260 size-full\" srcset=\"https:\/\/rgalia.es\/wp-content\/uploads\/2023\/05\/vascos-2-1.jpg 776w, https:\/\/rgalia.es\/wp-content\/uploads\/2023\/05\/vascos-2-1-300x231.jpg 300w, https:\/\/rgalia.es\/wp-content\/uploads\/2023\/05\/vascos-2-1-768x591.jpg 768w, https:\/\/rgalia.es\/wp-content\/uploads\/2023\/05\/vascos-2-1-600x462.jpg 600w\" sizes=\"(max-width: 776px) 100vw, 776px\" \/><\/a><\/figure><div class=\"wp-block-media-text__content\">\n<p><strong><em>Nafza<\/em><\/strong><br>la misteriosa medina andalus\u00ed de fundaci\u00f3n omeya que perdi\u00f3 su nombre en en el tiempo y de la que solo quedan sus ruinas que puedes visitar en el yacimiento de Ciudad de Vascos.<\/p>\n<\/div><\/div>\n<\/div>\n\n\n\n<div class=\"wp-block-column is-layout-flow wp-block-column-is-layout-flow\">\n<div class=\"wp-block-media-text alignwide is-stacked-on-mobile is-vertically-aligned-top\" style=\"grid-template-columns:56% auto\"><figure class=\"wp-block-media-text__media\"><a href=\"https:\/\/www.turismoropesatoledo.es\/\" target=\"_blank\" rel=\"noreferrer noopener\"><img loading=\"lazy\" decoding=\"async\" width=\"492\" height=\"392\" src=\"https:\/\/rgalia.es\/wp-content\/uploads\/2023\/05\/oropesa-4-5.jpg\" alt=\"\" class=\"wp-image-276 size-full\" srcset=\"https:\/\/rgalia.es\/wp-content\/uploads\/2023\/05\/oropesa-4-5.jpg 492w, https:\/\/rgalia.es\/wp-content\/uploads\/2023\/05\/oropesa-4-5-300x239.jpg 300w\" sizes=\"(max-width: 492px) 100vw, 492px\" \/><\/a><\/figure><div class=\"wp-block-media-text__content\">\n<p><strong><em><strong>Hisn <em>Orospeda<\/em><\/strong><br><\/em><\/strong>actual castillo de Oropesa donde podr\u00e1s visitar a\u00fan los vestigios de las torres \u00e1rabes que quedan en pie.<\/p>\n<\/div><\/div>\n<\/div>\n<\/div>\n\n\n\n<div class=\"wp-block-columns is-layout-flex wp-container-core-columns-layout-3 wp-block-columns-is-layout-flex\">\n<div class=\"wp-block-column is-layout-flow wp-block-column-is-layout-flow\">\n<div class=\"wp-block-media-text alignwide is-stacked-on-mobile is-vertically-aligned-top\" style=\"grid-template-columns:56% auto\"><figure class=\"wp-block-media-text__media\"><a href=\"https:\/\/cultura.castillalamancha.es\/patrimonio\/catalogo-patrimonio-cultural\/dolmen-de-azutan\" target=\"_blank\" rel=\"noreferrer noopener\"><img loading=\"lazy\" decoding=\"async\" width=\"492\" height=\"330\" src=\"https:\/\/rgalia.es\/wp-content\/uploads\/2023\/05\/Dolmen-22-2.jpg\" alt=\"\" class=\"wp-image-264 size-full\" srcset=\"https:\/\/rgalia.es\/wp-content\/uploads\/2023\/05\/Dolmen-22-2.jpg 492w, https:\/\/rgalia.es\/wp-content\/uploads\/2023\/05\/Dolmen-22-2-300x201.jpg 300w\" sizes=\"(max-width: 492px) 100vw, 492px\" \/><\/a><\/figure><div class=\"wp-block-media-text__content\">\n<p><strong><em>Piedras m\u00e1gicas<\/em><\/strong><br>hacen referencia al dolmen de Azut\u00e1n.<\/p>\n<\/div><\/div>\n<\/div>\n\n\n\n<div class=\"wp-block-column is-layout-flow wp-block-column-is-layout-flow\">\n<div class=\"wp-block-media-text alignwide is-stacked-on-mobile is-vertically-aligned-top\" style=\"grid-template-columns:56% auto\"><figure class=\"wp-block-media-text__media\"><a href=\"http:\/\/www.turismocastillalamancha.es\/patrimonio\/lagartera-9431\/\" target=\"_blank\" rel=\"noreferrer noopener\"><img loading=\"lazy\" decoding=\"async\" width=\"492\" height=\"330\" src=\"https:\/\/rgalia.es\/wp-content\/uploads\/2023\/05\/Lagartera.jpg\" alt=\"\" class=\"wp-image-267 size-full\" srcset=\"https:\/\/rgalia.es\/wp-content\/uploads\/2023\/05\/Lagartera.jpg 492w, https:\/\/rgalia.es\/wp-content\/uploads\/2023\/05\/Lagartera-300x201.jpg 300w\" sizes=\"(max-width: 492px) 100vw, 492px\" \/><\/a><\/figure><div class=\"wp-block-media-text__content\">\n<p><strong><em>Al-Gazella<\/em><\/strong><br>top\u00f3nimo ficticio que hace referencia al primer asentamiento del pueblo de Lagartera.<\/p>\n<\/div><\/div>\n<\/div>\n<\/div>\n\n\n\n<div class=\"wp-block-columns is-layout-flex wp-container-core-columns-layout-4 wp-block-columns-is-layout-flex\">\n<div class=\"wp-block-column is-layout-flow wp-block-column-is-layout-flow\">\n<div class=\"wp-block-media-text alignwide is-stacked-on-mobile is-vertically-aligned-top\" style=\"grid-template-columns:56% auto\"><figure class=\"wp-block-media-text__media\"><a href=\"https:\/\/www.turismoavila.com\/web\/puntos_de_interes\/visor\/index.php?iid=5b21368803158-2\" target=\"_blank\" rel=\"noreferrer noopener\"><img loading=\"lazy\" decoding=\"async\" width=\"297\" height=\"203\" src=\"https:\/\/rgalia.es\/wp-content\/uploads\/2023\/05\/castro.jpg\" alt=\"\" class=\"wp-image-268 size-full\"\/><\/a><\/figure><div class=\"wp-block-media-text__content\">\n<p><strong><em><strong><em>Castro vet\u00f3n<\/em><\/strong><br><\/em><\/strong>castro celta de El Raso junto al pico Almanzor. <\/p>\n<\/div><\/div>\n<\/div>\n\n\n\n<div class=\"wp-block-column is-layout-flow wp-block-column-is-layout-flow\">\n<div class=\"wp-block-media-text alignwide is-stacked-on-mobile is-vertically-aligned-top\" style=\"grid-template-columns:56% auto\"><figure class=\"wp-block-media-text__media\"><a href=\"https:\/\/higueradealbalat.es\/services\/yacimiento-arqueologico-majadat-albalat\/\" target=\"_blank\" rel=\"noreferrer noopener\"><img loading=\"lazy\" decoding=\"async\" width=\"501\" height=\"336\" src=\"https:\/\/rgalia.es\/wp-content\/uploads\/2023\/05\/albalat.jpg\" alt=\"\" class=\"wp-image-269 size-full\" srcset=\"https:\/\/rgalia.es\/wp-content\/uploads\/2023\/05\/albalat.jpg 501w, https:\/\/rgalia.es\/wp-content\/uploads\/2023\/05\/albalat-300x201.jpg 300w\" sizes=\"(max-width: 501px) 100vw, 501px\" \/><\/a><\/figure><div class=\"wp-block-media-text__content\">\n<p><strong><em><strong><strong><em>Al-Balat<\/em><\/strong><br><\/strong><\/em><\/strong>medina \u00e1rabe fortificada sobre la orilla izquierda del r\u00edo Tajo para controlar el segundo paso del curso medio del r\u00edo tras Alc\u00e1ntara.<\/p>\n<\/div><\/div>\n<\/div>\n<\/div>\n\n\n\n<p><\/p>\n","protected":false},"excerpt":{"rendered":"<p>\u00bfQuieres conocer los lugares que recorri\u00f3 Al\u00ed? Tulaytulahnombre \u00e1rabe por el que en el sXI se conoc\u00eda a la actual Toledo que significa la Alegre. Al-Talabayrala actual Talavera de la Reina fue una ciudad de la Marca Media perteneciente a la taifa de Tulaytulah, de fundaci\u00f3n andalus\u00ed y car\u00e1cter principalmente militar. Nafzala misteriosa medina andalus\u00ed &hellip;<\/p>\n<p class=\"read-more\"> <a class=\"\" href=\"https:\/\/rgalia.es\/inicio\/localizaciones\/\"> <span class=\"screen-reader-text\">Localizaciones sXI<\/span> Leer m\u00e1s &raquo;<\/a><\/p>\n","protected":false},"author":1,"featured_media":0,"parent":0,"menu_order":0,"comment_status":"closed","ping_status":"closed","template":"","meta":{"om_disable_all_campaigns":false,"_monsterinsights_skip_tracking":false,"_monsterinsights_sitenote_active":false,"_monsterinsights_sitenote_note":"","_monsterinsights_sitenote_category":0,"site-sidebar-layout":"default","site-content-layout":"default","ast-global-header-display":"","ast-banner-title-visibility":"","ast-main-header-display":"","ast-hfb-above-header-display":"","ast-hfb-below-header-display":"","ast-hfb-mobile-header-display":"","site-post-title":"disabled","ast-breadcrumbs-content":"","ast-featured-img":"","footer-sml-layout":"","theme-transparent-header-meta":"","adv-header-id-meta":"","stick-header-meta":"","header-above-stick-meta":"","header-main-stick-meta":"","header-below-stick-meta":"","footnotes":""},"aioseo_notices":[],"_links":{"self":[{"href":"https:\/\/rgalia.es\/inicio\/wp-json\/wp\/v2\/pages\/247"}],"collection":[{"href":"https:\/\/rgalia.es\/inicio\/wp-json\/wp\/v2\/pages"}],"about":[{"href":"https:\/\/rgalia.es\/inicio\/wp-json\/wp\/v2\/types\/page"}],"author":[{"embeddable":true,"href":"https:\/\/rgalia.es\/inicio\/wp-json\/wp\/v2\/users\/1"}],"replies":[{"embeddable":true,"href":"https:\/\/rgalia.es\/inicio\/wp-json\/wp\/v2\/comments?post=247"}],"version-history":[{"count":15,"href":"https:\/\/rgalia.es\/inicio\/wp-json\/wp\/v2\/pages\/247\/revisions"}],"predecessor-version":[{"id":527,"href":"https:\/\/rgalia.es\/inicio\/wp-json\/wp\/v2\/pages\/247\/revisions\/527"}],"wp:attachment":[{"href":"https:\/\/rgalia.es\/inicio\/wp-json\/wp\/v2\/media?parent=247"}],"curies":[{"name":"wp","href":"https:\/\/api.w.org\/{rel}","templated":true}]}}