{"id":560,"date":"2023-06-18T17:10:36","date_gmt":"2023-06-18T17:10:36","guid":{"rendered":"https:\/\/rgalia.es\/inicio\/?page_id=560"},"modified":"2023-06-18T17:14:12","modified_gmt":"2023-06-18T17:14:12","slug":"terminos-y-condiciones","status":"publish","type":"page","link":"https:\/\/rgalia.es\/inicio\/terminos-y-condiciones\/","title":{"rendered":"T\u00e9rminos y Condiciones"},"content":{"rendered":"\n<h1 class=\"wp-block-heading\">Pol\u00edtica de compras y devoluciones<\/h1>\n\n\n\n<p><strong>Precios e impuestos<\/strong><\/p>\n\n\n\n<p>Los productos de esta web se vender\u00e1n al precio que se indica en cada caso, expresados en euros&nbsp;(\u20ac) y&nbsp;siendo vigente el precio recogido en el momento de la confirmaci\u00f3n del pedido por parte del cliente. Los gastos de env\u00edo no est\u00e1n incluidos, se detallar\u00e1n en el apartado \u201cEnv\u00edo\u201d.<br>Dicho precio incluye el 4% de IVA, pero ning\u00fan otro impuesto, tasa, arancel o recargo.<\/p>\n\n\n\n<p><strong>Disponibilidad y validez&nbsp;<\/strong><\/p>\n\n\n\n<p>Si el producto no estuviera disponible,&nbsp;se avisar\u00e1 en la propia ficha del producto. Podr\u00e1s contactarme para que te avise cuando vuelva a estar disponible.<br>Nos reservamos el derecho a modificar precios, art\u00edculos, ofertas y otras condiciones comerciales&nbsp;sin&nbsp;previo aviso.<\/p>\n\n\n\n<p><strong>Formas de Pago<\/strong><\/p>\n\n\n\n<p>El pago de los productos se realizar\u00e1 en el momento de hacer el pedido en la web y lo podr\u00e1s hacer a trav\u00e9s de:<\/p>\n\n\n\n<ul>\n<li>Mediante la plataforma de pagos PayPal.<\/li>\n\n\n\n<li>Bizum. Usando la referencia del pedido como concepto de pago. Tu pedido no ser\u00e1 enviado hasta que el pago del importe haya sido verificado.<\/li>\n\n\n\n<li>Transferencia bancaria directa a la cuenta que aparecer\u00e1 al finalizar el pedido. Usando la referencia del pedido como concepto de pago. Tu pedido no ser\u00e1 enviado hasta que el importe haya sido recibido en la cuenta.<\/li>\n<\/ul>\n\n\n\n<p>En ning\u00fan caso se tendr\u00e1 acceso a tus datos bancarios.<\/p>\n\n\n\n<p><strong>Gastos de env\u00edo<\/strong><\/p>\n\n\n\n<p>Si se produce alg\u00fan gasto adicional en el env\u00edo, ya sea por tramitaci\u00f3n aduanera o an\u00e1logos, ser\u00e1 a cargo del cliente.<br>Es importante que facilites una direcci\u00f3n correcta al realizar&nbsp;el pedido, ya que si estuviera mal, aunque s\u00f3lo sea un d\u00edgito, y el paquete ya ha salido a su destino, se tendr\u00eda que volver a hacer un nuevo env\u00edo y \u00e9ste correr\u00eda de tu cuenta.<br>En el caso de que el pedido sea devuelto por no haber sido posible su entrega en el domicilio que nos has indicado, en los plazos en los que la empresa de mensajer\u00eda estipula, el reenv\u00edo ser\u00e1 nuevamente enviado tras volver a recibir el pago de todos los gastos ocasionados por la devoluci\u00f3n del env\u00edo.<\/p>\n\n\n\n<p><strong>Tiempo de env\u00edo<\/strong><\/p>\n\n\n\n<p>Usamos el servicio de mensajer\u00eda de Correos. No nos responsabilizamos de las posibles demoras de entrega causadas por dicho servicio.<\/p>\n\n\n\n<p><strong>\u00bfSe puede devolver un libro?<\/strong><\/p>\n\n\n\n<p>S\u00ed, por supuesto, aunque hay que cumplir algunos requisitos:<\/p>\n\n\n\n<ul>\n<li>El plazo de devoluci\u00f3n termina a los 14 d\u00edas de haber recibido el pedido.<\/li>\n\n\n\n<li>El libro no debe tener marcas de uso, ni haber sido usado. Por supuesto, tampoco debe haberse escrito nada en \u00e9l o haber sido forrado, modificado, etc.<\/li>\n\n\n\n<li>Los gastos de env\u00edo corren por tu cuenta (te aconsejo que lo env\u00edes certificado, ya que los ordinarios se pueden perder y no tendr\u00e1s c\u00f3digo de seguimiento).<\/li>\n<\/ul>\n\n\n\n<p>El procedimiento para la devoluci\u00f3n es muy sencillo. Simplemente tienes que enviarnos un correo a a&nbsp;<strong>rgalia@rgalia.es<\/strong> solicitando la devoluci\u00f3n y te facilitaremos la direcci\u00f3n de env\u00edo. Una vez recibido el libro, si todo est\u00e1 correcto, en 24h laborales se proceder\u00e1 a devolver el dinero a trav\u00e9s del m\u00e9todo de pago que utilizaste para hacer el pedido. Eso s\u00ed, los gastos de env\u00edo no ser\u00e1n reembolsados, y los portes de devoluci\u00f3n correr\u00e1n a tu cargo.&nbsp;<br>os art\u00edculos personalizados (libros dedicados, por ejemplo) no pueden devolverse.<br>Para cualquier duda, puedes escribirme un mail a&nbsp;<strong>rgalia@rgalia.es<\/strong>&nbsp;y trataremos de ayudarte.<\/p>\n\n\n\n<p><strong>Modificaci\u00f3n de las condiciones&nbsp;<\/strong><\/p>\n\n\n\n<p>Estas condiciones podr\u00e1n ser modificadas en cualquier momento, atendiendo a la evoluci\u00f3n de esta web y los contenidos en ella ofrecidos.<\/p>\n\n\n\n<p><strong>Aceptaci\u00f3n de las condiciones&nbsp;<\/strong><\/p>\n\n\n\n<p>La adquisici\u00f3n de cualquier producto ofrecido en esta web, supone el conocimiento y aceptaci\u00f3n de las condiciones legales \u2013condiciones de compra y aviso legal- de esta web.<\/p>\n","protected":false},"excerpt":{"rendered":"<p>Pol\u00edtica de compras y devoluciones Precios e impuestos Los productos de esta web se vender\u00e1n al precio que se indica en cada caso, expresados en euros&nbsp;(\u20ac) y&nbsp;siendo vigente el precio recogido en el momento de la confirmaci\u00f3n del pedido por parte del cliente. Los gastos de env\u00edo no est\u00e1n incluidos, se detallar\u00e1n en el apartado &hellip;<\/p>\n<p class=\"read-more\"> <a class=\"\" href=\"https:\/\/rgalia.es\/inicio\/terminos-y-condiciones\/\"> <span class=\"screen-reader-text\">T\u00e9rminos y Condiciones<\/span> Leer m\u00e1s &raquo;<\/a><\/p>\n","protected":false},"author":1,"featured_media":0,"parent":0,"menu_order":0,"comment_status":"closed","ping_status":"closed","template":"","meta":{"om_disable_all_campaigns":false,"_monsterinsights_skip_tracking":false,"_monsterinsights_sitenote_active":false,"_monsterinsights_sitenote_note":"","_monsterinsights_sitenote_category":0,"site-sidebar-layout":"default","site-content-layout":"default","ast-global-header-display":"","ast-banner-title-visibility":"","ast-main-header-display":"","ast-hfb-above-header-display":"","ast-hfb-below-header-display":"","ast-hfb-mobile-header-display":"","site-post-title":"disabled","ast-breadcrumbs-content":"","ast-featured-img":"","footer-sml-layout":"","theme-transparent-header-meta":"","adv-header-id-meta":"","stick-header-meta":"","header-above-stick-meta":"","header-main-stick-meta":"","header-below-stick-meta":"","footnotes":""},"aioseo_notices":[],"_links":{"self":[{"href":"https:\/\/rgalia.es\/inicio\/wp-json\/wp\/v2\/pages\/560"}],"collection":[{"href":"https:\/\/rgalia.es\/inicio\/wp-json\/wp\/v2\/pages"}],"about":[{"href":"https:\/\/rgalia.es\/inicio\/wp-json\/wp\/v2\/types\/page"}],"author":[{"embeddable":true,"href":"https:\/\/rgalia.es\/inicio\/wp-json\/wp\/v2\/users\/1"}],"replies":[{"embeddable":true,"href":"https:\/\/rgalia.es\/inicio\/wp-json\/wp\/v2\/comments?post=560"}],"version-history":[{"count":3,"href":"https:\/\/rgalia.es\/inicio\/wp-json\/wp\/v2\/pages\/560\/revisions"}],"predecessor-version":[{"id":571,"href":"https:\/\/rgalia.es\/inicio\/wp-json\/wp\/v2\/pages\/560\/revisions\/571"}],"wp:attachment":[{"href":"https:\/\/rgalia.es\/inicio\/wp-json\/wp\/v2\/media?parent=560"}],"curies":[{"name":"wp","href":"https:\/\/api.w.org\/{rel}","templated":true}]}}