{"id":562,"date":"2023-06-18T17:09:21","date_gmt":"2023-06-18T17:09:21","guid":{"rendered":"https:\/\/rgalia.es\/inicio\/?page_id=562"},"modified":"2023-06-18T17:09:22","modified_gmt":"2023-06-18T17:09:22","slug":"aviso-legal","status":"publish","type":"page","link":"https:\/\/rgalia.es\/inicio\/aviso-legal\/","title":{"rendered":"Aviso Legal"},"content":{"rendered":"\n<p>El objeto de este aviso legal es informarte de tus derechos y obligaciones como usuario de este sitio web. Aqu\u00ed podr\u00e1s hallar toda la informaci\u00f3n necesaria sobre esta web, su actividad, finalidad y los datos personales que recaba, as\u00ed como las normas que regulan su uso.<br>Al momento de acceder a este sitio <strong>https:\/\/rgalia.es<\/strong>&nbsp;asumes la condici\u00f3n de usuario, por lo que el contenido de este Aviso Legal te afectar\u00e1 directamente. De ah\u00ed la importancia de su lectura para resolver las duda que te puedan surgir y tener conocimiento de causa sobre las condiciones que est\u00e1s aceptando.<br>Este sitio web cumple con las normativas vigentes en materia de protecci\u00f3n de datos, con el objetivo de aportarte las garant\u00edas, seguridad y transparencia que como usuario te corresponden a la hora de utilizarlo:<\/p>\n\n\n\n<ul>\n<li>El&nbsp;<strong>RGPD&nbsp;<\/strong>(<strong>Reglamento (UE) 2016\/679&nbsp;del Parlamento Europeo y del Consejo de 27 de abril de 2016 relativo a la protecci\u00f3n de las personas f\u00edsicas<\/strong>).<\/li>\n\n\n\n<li>La&nbsp;<strong>LOPD<\/strong>&nbsp;(<strong>Ley Org\u00e1nica 15\/1999, de 13 de diciembre, de Protecci\u00f3n de Datos de Car\u00e1cter Personal<\/strong>&nbsp;y&nbsp;<strong>Real Decreto 1720\/2007, de 21 de diciembre, el Reglamento de desarrollo de la LOPD<\/strong>).<\/li>\n\n\n\n<li>La&nbsp;<strong>LSSI<\/strong>&nbsp;(<strong>Ley 34\/2002, de 11 de julio, de Servicios de la Sociedad de la Informaci\u00f3n y Comercio Electr\u00f3nico<\/strong>).<\/li>\n<\/ul>\n\n\n\n<p><strong>POLITICA DE PRIVACIDAD Y PROTECCI\u00d3N DE DATOS<\/strong><\/p>\n\n\n\n<p>Este sitio web cumple con la normativa vigente en materia de protecci\u00f3n de datos, lo que implica que, como usuario,&nbsp;deber\u00e1s dar tu consentimiento expreso antes de facilitarnos datos personales a trav\u00e9s de los diferentes formularios puestos a disposici\u00f3n en las secciones de nuestra p\u00e1gina.<br>Para ello, en aras de la transparencia y el ejercicio de tu derecho, nuestro deber es informarte sobre los datos personales que recabamos, almacenamos y tratamos y con qu\u00e9 finalidades, teniendo en cualquier momento la posibilidad de revocar libremente tu consentimiento.<br>Toda esta informaci\u00f3n la podr\u00e1s encontrar en nuestra&nbsp;<strong>POLITICA DE PRIVACIDAD.<\/strong><\/p>\n\n\n\n<p><strong>DATOS DE IDENTIFICACI\u00d3N<\/strong><\/p>\n\n\n\n<p>El responsable y titular de este sitio web es:<\/p>\n\n\n\n<ul>\n<li><strong>Nombre:&nbsp;<\/strong>&nbsp;Raquel Garc\u00eda Al\u00eda<\/li>\n\n\n\n<li><strong>NIF:&nbsp;<\/strong>&nbsp;02541100Z<\/li>\n\n\n\n<li><strong>Actividad del sitio web<\/strong>: distribuci\u00f3n de contenido relacionado con Raquel Garc\u00eda Al\u00eda, venta de libros.<\/li>\n\n\n\n<li><strong>Correo electr\u00f3nico<\/strong>: rgalia@rgalia.es<\/li>\n<\/ul>\n\n\n\n<p>Los datos que nos facilites con tu consentimiento, y de acuerdo al uso establecido en nuestra Pol\u00edtica de Privacidad, ser\u00e1n incorporados a un fichero automatizado debidamente inscrito en la Agencia Espa\u00f1ola de Protecci\u00f3n de Datos, en el que el responsable de dicho fichero es:&nbsp;Raquel Garc\u00eda Al\u00eda<strong>.&nbsp;<\/strong>Esto quiere decir que tus datos est\u00e1n seguros, de acuerdo a lo que establece la ley.<\/p>\n\n\n\n<p><strong>NORMAS DE ACCESO AL SITIO WEB<\/strong><\/p>\n\n\n\n<p>Como usuario de nuestra web, tambi\u00e9n tienes una serie de obligaciones:<\/p>\n\n\n\n<ul>\n<li>No podr\u00e1s utilizar este sitio web para la realizaci\u00f3n de actividades contrarias a las leyes, a la moral, al orden p\u00fablico y, en general, a hacer un uso conforme a las condiciones establecidas en el presente Aviso Legal.<\/li>\n\n\n\n<li>No podr\u00e1s realizar actividades publicitarias o de explotaci\u00f3n comercial remitiendo mensajes que utilicen una identidad falsa.<\/li>\n\n\n\n<li>T\u00fa ser\u00e1s el \u00fanico responsable de la veracidad y exactitud de los contenidos que introduzcas en esta web y de los datos personales que nos facilites con las finalidades previstas en nuestra Pol\u00edtica de Privacidad.<\/li>\n\n\n\n<li>Tambi\u00e9n ser\u00e1s el \u00fanico responsable de&nbsp;la realizaci\u00f3n de cualquier tipo de actuaci\u00f3n il\u00edcita, lesiva de derechos, nociva y\/o perjudicial en los sitios de terceros a los que te podamos derivar desde este sitio web para el desarrollo de nuestra actividad.<\/li>\n<\/ul>\n\n\n\n<p>Como responsable del sitio web,&nbsp;<strong>Raquel Garc\u00eda Al\u00eda<\/strong>&nbsp;podr\u00e1 interrumpir el servicio de la p\u00e1gina que est\u00e9 siendo utilizado por el usuario y resolver de modo inmediato la relaci\u00f3n si detecta un uso de la web o de cualquiera de los servicios que en la mismo se ofertan que pueda considerarse contrario a lo expresado en el presente Aviso Legal.<\/p>\n\n\n\n<p><strong>PROPIEDAD INTELECTUAL E INDUSTRIAL<\/strong><\/p>\n\n\n\n<p>La totalidad de este sitio web (texto, im\u00e1genes, marcas, gr\u00e1ficos, logotipos&#8230;) se encuentra protegida por las leyes vigentes sobre Propiedad Intelectual e Industrial, quedando prohibida su reproducci\u00f3n, distribuci\u00f3n, comunicaci\u00f3n p\u00fablica y transformaci\u00f3n, salvo para uso personal y privado.<br>Como titular de este sitio web,<strong>&nbsp;Raquel Garc\u00eda Al\u00eda&nbsp;<\/strong>no garantiza que sus contenidos sean precisos o libres de error o que el libre uso de los mismos por parte de los usuarios no infrinja los derechos de terceras partes. El buen o mal uso de esta p\u00e1gina y de sus contenidos es responsabilidad del usuario.<br>De igual modo, queda prohibida la reproducci\u00f3n, retransmisi\u00f3n, copia, cesi\u00f3n o redifusi\u00f3n,&nbsp;total o parcial, de la informaci\u00f3n contenida en la p\u00e1gina, cualquiera que fuera su finalidad y el medio utilizado para ello, sin autorizaci\u00f3n previa de&nbsp;<strong>Raquel Garc\u00eda Al\u00eda<\/strong>.<\/p>\n\n\n\n<p><strong>ENLACES O LINKS<\/strong><\/p>\n\n\n\n<p>Este sitio web incluye enlaces o links a sitios de terceros. Las p\u00e1ginas pertenecientes a estos terceros no han sido revisadas ni son objeto de controles por nuestra parte, por lo que&nbsp;<strong>Raquel Garc\u00eda Al\u00eda&nbsp;<\/strong>no podr\u00e1 ser considerada responsable de sus contenidos ni de las medidas que se adopten relativas a su privacidad o al tratamiento de sus datos de car\u00e1cter personal u otros que pudieran derivarse.<\/p>\n\n\n\n<p>Por todo ello, te recomendamos&nbsp;la lectura detenida de las condiciones de uso, pol\u00edtica de privacidad, avisos legales y\/o similares de sitios terceros.<\/p>\n\n\n\n<p><strong>LIMITACI\u00d3N DE RESPONSABILIDAD<\/strong><\/p>\n\n\n\n<p>En ejercicio de su derecho como titular de esta web, te informamos de que <strong>Raquel Garc\u00eda Al\u00eda <\/strong>no se hace responsable en ning\u00fan caso de lo siguiente:<br>La calidad del servicio, la velocidad de acceso, el correcto funcionamiento ni la disponibilidad ni continuidad de funcionamiento de la p\u00e1gina.<br>La existencia de virus, malware, programas maliciosos o da\u00f1inos en los contenidos.<br>El uso il\u00edcito, negligente, fraudulento o contrario a este Aviso Legal.<br>La falta de licitud, calidad, fiabilidad, utilidad y disponibilidad de los servicios prestados por terceros y puestos a disposici\u00f3n de los usuarios en este sitio web.<br>De los da\u00f1os que pudieran provenir del uso ilegal o indebido de este blog.<\/p>\n\n\n\n<p><strong>POL\u00cdTICA DE COOKIES<\/strong><\/p>\n\n\n\n<p>Este sitio podr\u00eda utilizar cookies propias y de terceros con el objetivo de proporcionarte la mejor experiencia de usuario y desarrollar nuestra actividad.<br>En cualquier momento, tendr\u00e1s la opci\u00f3n de configurar tu navegador para desestimar el uso de estas cookies que, en alg\u00fan caso, afectar\u00e1n a tu experiencia de usuario.<br>Para acceder a la informaci\u00f3n completa sobre el uso de cookies en este sitio web, su finalidad y su desestimaci\u00f3n, puedes consultar nuestra&nbsp;<strong>POL\u00cdTICA DE COOKIES<\/strong>.<\/p>\n\n\n\n<p><strong>LEGISLACI\u00d3N APLICABLE Y JURISDICCI\u00d3N COMPETENTE<\/strong><\/p>\n\n\n\n<p>El presente Aviso Legal se encuentra sometido a la legislaci\u00f3n espa\u00f1ola vigente.<br>En caso necesario, ante cualquier tipo de controversia de car\u00e1cter legal,&nbsp;<strong>Raquel Garc\u00eda Al\u00eda<\/strong>&nbsp;y el usuario, con renuncia expresa a cualquier otro fuero, se someter\u00e1n a los Juzgados y Tribunales del domicilio del Usuario para cualquier controversia que pudiera derivarse.<br>En el caso de que el usuario tenga su domicilio fuera de Espa\u00f1a,&nbsp;<strong>Raquel Garc\u00eda Al\u00eda <\/strong>y el usuario se someter\u00e1n, con renuncia expresa a cualquier otro fuero, a los juzgados y tribunales de Madrid (Espa\u00f1a).<\/p>\n\n\n\n<p>Si tienes cualquier duda sobre este Aviso Legal, puedes enviarnos un correo electr\u00f3nico a rgalia@rgalia.es<\/p>\n","protected":false},"excerpt":{"rendered":"<p>El objeto de este aviso legal es informarte de tus derechos y obligaciones como usuario de este sitio web. Aqu\u00ed podr\u00e1s hallar toda la informaci\u00f3n necesaria sobre esta web, su actividad, finalidad y los datos personales que recaba, as\u00ed como las normas que regulan su uso.Al momento de acceder a este sitio https:\/\/rgalia.es&nbsp;asumes la condici\u00f3n &hellip;<\/p>\n<p class=\"read-more\"> <a class=\"\" href=\"https:\/\/rgalia.es\/inicio\/aviso-legal\/\"> <span class=\"screen-reader-text\">Aviso Legal<\/span> Leer m\u00e1s &raquo;<\/a><\/p>\n","protected":false},"author":1,"featured_media":0,"parent":0,"menu_order":0,"comment_status":"closed","ping_status":"closed","template":"","meta":{"om_disable_all_campaigns":false,"_monsterinsights_skip_tracking":false,"_monsterinsights_sitenote_active":false,"_monsterinsights_sitenote_note":"","_monsterinsights_sitenote_category":0,"site-sidebar-layout":"default","site-content-layout":"default","ast-global-header-display":"","ast-banner-title-visibility":"","ast-main-header-display":"","ast-hfb-above-header-display":"","ast-hfb-below-header-display":"","ast-hfb-mobile-header-display":"","site-post-title":"","ast-breadcrumbs-content":"","ast-featured-img":"","footer-sml-layout":"","theme-transparent-header-meta":"","adv-header-id-meta":"","stick-header-meta":"","header-above-stick-meta":"","header-main-stick-meta":"","header-below-stick-meta":"","footnotes":""},"aioseo_notices":[],"_links":{"self":[{"href":"https:\/\/rgalia.es\/inicio\/wp-json\/wp\/v2\/pages\/562"}],"collection":[{"href":"https:\/\/rgalia.es\/inicio\/wp-json\/wp\/v2\/pages"}],"about":[{"href":"https:\/\/rgalia.es\/inicio\/wp-json\/wp\/v2\/types\/page"}],"author":[{"embeddable":true,"href":"https:\/\/rgalia.es\/inicio\/wp-json\/wp\/v2\/users\/1"}],"replies":[{"embeddable":true,"href":"https:\/\/rgalia.es\/inicio\/wp-json\/wp\/v2\/comments?post=562"}],"version-history":[{"count":2,"href":"https:\/\/rgalia.es\/inicio\/wp-json\/wp\/v2\/pages\/562\/revisions"}],"predecessor-version":[{"id":567,"href":"https:\/\/rgalia.es\/inicio\/wp-json\/wp\/v2\/pages\/562\/revisions\/567"}],"wp:attachment":[{"href":"https:\/\/rgalia.es\/inicio\/wp-json\/wp\/v2\/media?parent=562"}],"curies":[{"name":"wp","href":"https:\/\/api.w.org\/{rel}","templated":true}]}}