{"id":604,"date":"2023-08-28T11:26:20","date_gmt":"2023-08-28T11:26:20","guid":{"rendered":"https:\/\/rgalia.es\/inicio\/?page_id=604"},"modified":"2023-08-28T12:00:28","modified_gmt":"2023-08-28T12:00:28","slug":"resenas","status":"publish","type":"page","link":"https:\/\/rgalia.es\/inicio\/resenas\/","title":{"rendered":"Rese\u00f1as"},"content":{"rendered":"\n<div style=\"height:30px\" aria-hidden=\"true\" class=\"wp-block-spacer\"><\/div>\n\n\n\n<h1 class=\"wp-block-heading has-large-font-size\">         Rese\u00f1as<\/h1>\n\n\n\n<div class=\"wp-block-columns is-layout-flex wp-container-core-columns-layout-1 wp-block-columns-is-layout-flex\">\n<div class=\"wp-block-column is-layout-flow wp-block-column-is-layout-flow\">\n<figure class=\"wp-block-embed is-type-wp-embed is-provider-todocultura-es wp-block-embed-todocultura-es\"><div class=\"wp-block-embed__wrapper\">\n<blockquote class=\"wp-embedded-content\" data-secret=\"1dCLER5RO4\"><a href=\"https:\/\/todocultura.es\/resenas\/r-g-alia-ananke-labranderas-de-suenos\/\">Rese\u00f1a de \u201cAnank\u00e9, labranderas de sue\u00f1os&#8221;, de R. G. Al\u00eda | Por Nuria Bellido<\/a><\/blockquote><iframe class=\"wp-embedded-content\" sandbox=\"allow-scripts\" security=\"restricted\" style=\"position: absolute; clip: rect(1px, 1px, 1px, 1px);\" title=\"\u00abRese\u00f1a de \u201cAnank\u00e9, labranderas de sue\u00f1os&#8221;, de R. G. Al\u00eda | Por Nuria Bellido\u00bb \u2014 Todocultura.es\" src=\"https:\/\/todocultura.es\/resenas\/r-g-alia-ananke-labranderas-de-suenos\/embed\/#?secret=lZaDbHjXv2#?secret=1dCLER5RO4\" data-secret=\"1dCLER5RO4\" width=\"500\" height=\"282\" frameborder=\"0\" marginwidth=\"0\" marginheight=\"0\" scrolling=\"no\"><\/iframe>\n<\/div><\/figure>\n<\/div>\n\n\n\n<div class=\"wp-block-column is-vertically-aligned-center is-layout-flow wp-block-column-is-layout-flow\">\n<p class=\"has-text-align-center\">&#8220;Una lectura imprescindible para quienes buscan una historia bien construida, personajes memorables y una conexi\u00f3n emocional que perdura mucho despu\u00e9s de cerrar el libro. Sin duda, un logro notable de la autora que merece ser ampliamente reconocido y disfrutado por los amantes de la literatura&#8221;.<\/p>\n<\/div>\n<\/div>\n\n\n\n<div class=\"wp-block-columns is-layout-flex wp-container-core-columns-layout-2 wp-block-columns-is-layout-flex\">\n<div class=\"wp-block-column is-layout-flow wp-block-column-is-layout-flow\">\n<figure class=\"wp-block-embed is-type-wp-embed is-provider-elescritor-es wp-block-embed-elescritor-es\"><div class=\"wp-block-embed__wrapper\">\n<blockquote class=\"wp-embedded-content\" data-secret=\"AuskCF0yDf\"><a href=\"https:\/\/elescritor.es\/resena\/r-g-alia-ananke-labranderas-de-suenos\/\">Rese\u00f1a de \u201cAnank\u00e9, labranderas de sue\u00f1os&quot;, de R. G. Al\u00eda | Por Daniela Gonz\u00e1lez<\/a><\/blockquote><iframe class=\"wp-embedded-content\" sandbox=\"allow-scripts\" security=\"restricted\" style=\"position: absolute; clip: rect(1px, 1px, 1px, 1px);\" title=\"\u00abRese\u00f1a de \u201cAnank\u00e9, labranderas de sue\u00f1os&quot;, de R. G. Al\u00eda | Por Daniela Gonz\u00e1lez\u00bb \u2014 Elescritor.es\" src=\"https:\/\/elescritor.es\/resena\/r-g-alia-ananke-labranderas-de-suenos\/embed\/#?secret=uw3Ai2iDbd#?secret=AuskCF0yDf\" data-secret=\"AuskCF0yDf\" width=\"500\" height=\"282\" frameborder=\"0\" marginwidth=\"0\" marginheight=\"0\" scrolling=\"no\"><\/iframe>\n<\/div><\/figure>\n<\/div>\n\n\n\n<div class=\"wp-block-column is-vertically-aligned-center is-layout-flow wp-block-column-is-layout-flow\">\n<p class=\"has-text-align-center\">&#8220;Su combinaci\u00f3n de historia, misterio, y emociones cautiva y emociona a partes iguales. Esta novela es un viaje emocionante que no solo desvela los secretos del pasado, sino que tambi\u00e9n invita a reflexionar sobre la propia identidad y los lazos que nos unen con nuestra historia. Recomendada para aquellos que buscan una lectura apasionante y enriquecedora&#8221;.<\/p>\n<\/div>\n<\/div>\n\n\n\n<div style=\"height:15px\" aria-hidden=\"true\" class=\"wp-block-spacer\"><\/div>\n\n\n\n<div style=\"height:18px\" aria-hidden=\"true\" class=\"wp-block-spacer\"><\/div>\n\n\n\n<h1 class=\"wp-block-heading has-large-font-size\">         Prensa<\/h1>\n\n\n\n<div class=\"wp-block-columns alignwide is-layout-flex wp-container-core-columns-layout-3 wp-block-columns-is-layout-flex\">\n<div class=\"wp-block-column is-layout-flow wp-block-column-is-layout-flow\">\n<figure class=\"wp-block-image alignleft size-full\"><a href=\"https:\/\/www.latribunadetoledo.es\/noticia\/zc170e667-f1cb-4898-d73f0782acc1009b\/202308\/lagartera-y-el-misterio-de-la-tradicion\" target=\"_blank\" rel=\"noreferrer noopener\"><img loading=\"lazy\" decoding=\"async\" width=\"766\" height=\"614\" src=\"https:\/\/rgalia.es\/wp-content\/uploads\/2023\/08\/latribuna.jpg\" alt=\"\" class=\"wp-image-608\" srcset=\"https:\/\/rgalia.es\/wp-content\/uploads\/2023\/08\/latribuna.jpg 766w, https:\/\/rgalia.es\/wp-content\/uploads\/2023\/08\/latribuna-300x240.jpg 300w, https:\/\/rgalia.es\/wp-content\/uploads\/2023\/08\/latribuna-600x481.jpg 600w\" sizes=\"(max-width: 766px) 100vw, 766px\" \/><\/a><\/figure>\n<\/div>\n\n\n\n<div class=\"wp-block-column is-layout-flow wp-block-column-is-layout-flow\">\n<figure class=\"wp-block-image alignleft size-full\"><a href=\"https:\/\/elescritor.es\/entrevista\/asegurate-de-leer-este-libro-ananke-labranderas-de-suenos-la-primera-novela-de-r-g-alia\/\" target=\"_blank\" rel=\"noreferrer noopener\"><img loading=\"lazy\" decoding=\"async\" width=\"929\" height=\"836\" src=\"https:\/\/rgalia.es\/wp-content\/uploads\/2023\/08\/elescritor-entrevista.jpg\" alt=\"\" class=\"wp-image-610\" srcset=\"https:\/\/rgalia.es\/wp-content\/uploads\/2023\/08\/elescritor-entrevista.jpg 929w, https:\/\/rgalia.es\/wp-content\/uploads\/2023\/08\/elescritor-entrevista-300x270.jpg 300w, https:\/\/rgalia.es\/wp-content\/uploads\/2023\/08\/elescritor-entrevista-768x691.jpg 768w, https:\/\/rgalia.es\/wp-content\/uploads\/2023\/08\/elescritor-entrevista-600x540.jpg 600w\" sizes=\"(max-width: 929px) 100vw, 929px\" \/><\/a><\/figure>\n<\/div>\n<\/div>\n","protected":false},"excerpt":{"rendered":"<p>Rese\u00f1as &#8220;Una lectura imprescindible para quienes buscan una historia bien construida, personajes memorables y una conexi\u00f3n emocional que perdura mucho despu\u00e9s de cerrar el libro. Sin duda, un logro notable de la autora que merece ser ampliamente reconocido y disfrutado por los amantes de la literatura&#8221;. &#8220;Su combinaci\u00f3n de historia, misterio, y emociones cautiva y &hellip;<\/p>\n<p class=\"read-more\"> <a class=\"\" href=\"https:\/\/rgalia.es\/inicio\/resenas\/\"> <span class=\"screen-reader-text\">Rese\u00f1as<\/span> Leer m\u00e1s &raquo;<\/a><\/p>\n","protected":false},"author":1,"featured_media":0,"parent":0,"menu_order":0,"comment_status":"closed","ping_status":"closed","template":"","meta":{"om_disable_all_campaigns":false,"_monsterinsights_skip_tracking":false,"_monsterinsights_sitenote_active":false,"_monsterinsights_sitenote_note":"","_monsterinsights_sitenote_category":0,"site-sidebar-layout":"default","site-content-layout":"default","ast-global-header-display":"","ast-banner-title-visibility":"","ast-main-header-display":"","ast-hfb-above-header-display":"","ast-hfb-below-header-display":"","ast-hfb-mobile-header-display":"","site-post-title":"disabled","ast-breadcrumbs-content":"","ast-featured-img":"","footer-sml-layout":"","theme-transparent-header-meta":"","adv-header-id-meta":"","stick-header-meta":"","header-above-stick-meta":"","header-main-stick-meta":"","header-below-stick-meta":"","footnotes":""},"aioseo_notices":[],"_links":{"self":[{"href":"https:\/\/rgalia.es\/inicio\/wp-json\/wp\/v2\/pages\/604"}],"collection":[{"href":"https:\/\/rgalia.es\/inicio\/wp-json\/wp\/v2\/pages"}],"about":[{"href":"https:\/\/rgalia.es\/inicio\/wp-json\/wp\/v2\/types\/page"}],"author":[{"embeddable":true,"href":"https:\/\/rgalia.es\/inicio\/wp-json\/wp\/v2\/users\/1"}],"replies":[{"embeddable":true,"href":"https:\/\/rgalia.es\/inicio\/wp-json\/wp\/v2\/comments?post=604"}],"version-history":[{"count":10,"href":"https:\/\/rgalia.es\/inicio\/wp-json\/wp\/v2\/pages\/604\/revisions"}],"predecessor-version":[{"id":628,"href":"https:\/\/rgalia.es\/inicio\/wp-json\/wp\/v2\/pages\/604\/revisions\/628"}],"wp:attachment":[{"href":"https:\/\/rgalia.es\/inicio\/wp-json\/wp\/v2\/media?parent=604"}],"curies":[{"name":"wp","href":"https:\/\/api.w.org\/{rel}","templated":true}]}}