{"id":61,"date":"2023-05-19T12:52:20","date_gmt":"2023-05-19T12:52:20","guid":{"rendered":"https:\/\/rgalia.es\/?page_id=61"},"modified":"2023-06-12T19:43:43","modified_gmt":"2023-06-12T19:43:43","slug":"comentarios","status":"publish","type":"page","link":"https:\/\/rgalia.es\/inicio\/comentarios\/","title":{"rendered":"Comentarios"},"content":{"rendered":"\n<div style=\"height:18px\" aria-hidden=\"true\" class=\"wp-block-spacer\"><\/div>\n\n\n\n<p class=\"has-medium-font-size\">Me encantar\u00eda conocer tu opini\u00f3n sobre Anank\u00e9<\/p>\n\n\n<style id=\"wpforms-css-vars-root\">\n\t\t\t\t:root {\n\t\t\t\t\t--wpforms-field-border-radius: 3px;\n--wpforms-field-background-color: #ffffff;\n--wpforms-field-border-color: rgba( 0, 0, 0, 0.25 );\n--wpforms-field-text-color: rgba( 0, 0, 0, 0.7 );\n--wpforms-label-color: rgba( 0, 0, 0, 0.85 );\n--wpforms-label-sublabel-color: rgba( 0, 0, 0, 0.55 );\n--wpforms-label-error-color: #d63637;\n--wpforms-button-border-radius: 3px;\n--wpforms-button-background-color: #066aab;\n--wpforms-button-text-color: #ffffff;\n--wpforms-field-size-input-height: 43px;\n--wpforms-field-size-input-spacing: 15px;\n--wpforms-field-size-font-size: 16px;\n--wpforms-field-size-line-height: 19px;\n--wpforms-field-size-padding-h: 14px;\n--wpforms-field-size-checkbox-size: 16px;\n--wpforms-field-size-sublabel-spacing: 5px;\n--wpforms-field-size-icon-size: 1;\n--wpforms-label-size-font-size: 16px;\n--wpforms-label-size-line-height: 19px;\n--wpforms-label-size-sublabel-font-size: 14px;\n--wpforms-label-size-sublabel-line-height: 17px;\n--wpforms-button-size-font-size: 17px;\n--wpforms-button-size-height: 41px;\n--wpforms-button-size-padding-h: 15px;\n--wpforms-button-size-margin-top: 10px;\n\n\t\t\t\t}\n\t\t\t<\/style><style id=\"wpforms-css-vars-226-block-073eedd6-49f9-48f9-a796-b76c1cdad952\">\n\t\t\t\t#wpforms-226.wpforms-block-073eedd6-49f9-48f9-a796-b76c1cdad952 {\n\t\t\t\t\t--wpforms-field-size-input-height: 50px;\n--wpforms-field-size-input-spacing: 20px;\n--wpforms-field-size-font-size: 18px;\n--wpforms-field-size-line-height: 21px;\n--wpforms-field-size-padding-h: 14px;\n--wpforms-field-size-checkbox-size: 18px;\n--wpforms-field-size-sublabel-spacing: 10px;\n--wpforms-field-size-icon-size: 1.25;\n--wpforms-label-size-font-size: 18px;\n--wpforms-label-size-line-height: 21px;\n--wpforms-label-size-sublabel-font-size: 16px;\n--wpforms-label-size-sublabel-line-height: 19px;\n\n\t\t\t\t}\n\t\t\t<\/style><div class=\"wpforms-container wpforms-container-full wpforms-block wpforms-block-073eedd6-49f9-48f9-a796-b76c1cdad952 wpforms-render-modern\" id=\"wpforms-226\"><form id=\"wpforms-form-226\" class=\"wpforms-validate wpforms-form wpforms-ajax-form\" data-formid=\"226\" method=\"post\" enctype=\"multipart\/form-data\" action=\"\/inicio\/wp-json\/wp\/v2\/pages\/61\" data-token=\"d085e26967486ab5a797d4a7766a5e7f\"><noscript class=\"wpforms-error-noscript\">Por favor, activa JavaScript en tu navegador para completar este formulario.<\/noscript><div class=\"wpforms-hidden\" id=\"wpforms-error-noscript\">Por favor, activa JavaScript en tu navegador para completar este formulario.<\/div><div class=\"wpforms-field-container\"><div id=\"wpforms-226-field_1-container\" class=\"wpforms-field wpforms-field-select wpforms-field-select-style-classic\" data-field-id=\"1\"><label class=\"wpforms-field-label\" for=\"wpforms-226-field_1\">\u00bfC\u00f3mo calificar\u00edas el libro? <span class=\"wpforms-required-label\" aria-hidden=\"true\">*<\/span><\/label><select id=\"wpforms-226-field_1\" class=\"wpforms-field-medium wpforms-field-required\" name=\"wpforms[fields][1]\" required=\"required\"><option value=\"Hist\u00f3rico\"  selected='selected'>Hist\u00f3rico<\/option><option value=\"Ciencia Ficci\u00f3n\" >Ciencia Ficci\u00f3n<\/option><option value=\"Aventuras\" >Aventuras<\/option><option value=\"Rom\u00e1ntica\" >Rom\u00e1ntica<\/option><\/select><\/div><div id=\"wpforms-226-field_2-container\" class=\"wpforms-field wpforms-field-textarea\" data-field-id=\"2\"><label class=\"wpforms-field-label\" for=\"wpforms-226-field_2\">\u00bfCu\u00e1l ha sido tu parte favorita del texto?<\/label><textarea id=\"wpforms-226-field_2\" class=\"wpforms-field-medium\" name=\"wpforms[fields][2]\" aria-errormessage=\"wpforms-226-field_2-error\" ><\/textarea><\/div><div id=\"wpforms-226-field_4-container\" class=\"wpforms-field wpforms-field-textarea\" data-field-id=\"4\"><label class=\"wpforms-field-label\" for=\"wpforms-226-field_4\">\u00bfY la que menos te gust\u00f3?<\/label><textarea id=\"wpforms-226-field_4\" class=\"wpforms-field-medium\" name=\"wpforms[fields][4]\" aria-errormessage=\"wpforms-226-field_4-error\" ><\/textarea><\/div><div id=\"wpforms-226-field_3-container\" class=\"wpforms-field wpforms-field-checkbox\" data-field-id=\"3\"><fieldset><legend class=\"wpforms-field-label\">\u00bfRecomendar\u00edas este libro?<\/legend><ul id=\"wpforms-226-field_3\"><li class=\"choice-1 depth-1\"><input type=\"checkbox\" id=\"wpforms-226-field_3_1\" name=\"wpforms[fields][3][]\" value=\"S\u00ed\" aria-errormessage=\"wpforms-226-field_3_1-error\"  ><label class=\"wpforms-field-label-inline\" for=\"wpforms-226-field_3_1\">S\u00ed<\/label><\/li><li class=\"choice-2 depth-1\"><input type=\"checkbox\" id=\"wpforms-226-field_3_2\" name=\"wpforms[fields][3][]\" value=\"No\" aria-errormessage=\"wpforms-226-field_3_2-error\"  ><label class=\"wpforms-field-label-inline\" for=\"wpforms-226-field_3_2\">No<\/label><\/li><\/ul><\/fieldset><\/div><div id=\"wpforms-226-field_6-container\" class=\"wpforms-field wpforms-field-number-slider\" data-field-id=\"6\"><label class=\"wpforms-field-label\" for=\"wpforms-226-field_6\">\u00bfCu\u00e1nto te ha gustado?<\/label>\n<input\n\ttype=\"range\"\n\tid=\"wpforms-226-field_6\" class=\"wpforms-field-medium\" name=\"wpforms[fields][6]\" value=\"0\" aria-errormessage=\"wpforms-226-field_6-error\"\t\tvalue=\"0\"\n\tmin=\"0\"\n\tmax=\"5\"\n\tstep=\"1\">\n\n<div class=\"wpforms-field-number-slider-hint\"\n\tdata-hint=\"Valor seleccionado: {value}\">\n\tValor seleccionado: <b>0<\/b><\/div>\n<\/div><\/div><!-- .wpforms-field-container --><div class=\"wpforms-submit-container\" ><input type=\"hidden\" name=\"wpforms[id]\" value=\"226\"><input type=\"hidden\" name=\"wpforms[author]\" value=\"1\"><button type=\"submit\" name=\"wpforms[submit]\" id=\"wpforms-submit-226\" class=\"wpforms-submit\" data-alt-text=\"Enviando...\" data-submit-text=\"Enviar\" aria-live=\"assertive\" value=\"wpforms-submit\">Enviar<\/button><img loading=\"lazy\" decoding=\"async\" src=\"https:\/\/rgalia.es\/wp-content\/plugins\/wpforms-lite\/assets\/images\/submit-spin.svg\" class=\"wpforms-submit-spinner\" style=\"display: none;\" width=\"26\" height=\"26\" alt=\"Cargando\"><\/div><\/form><\/div>  <!-- .wpforms-container -->","protected":false},"excerpt":{"rendered":"<p>Me encantar\u00eda conocer tu opini\u00f3n sobre Anank\u00e9<\/p>\n","protected":false},"author":1,"featured_media":0,"parent":0,"menu_order":0,"comment_status":"closed","ping_status":"closed","template":"","meta":{"om_disable_all_campaigns":false,"_monsterinsights_skip_tracking":false,"_monsterinsights_sitenote_active":false,"_monsterinsights_sitenote_note":"","_monsterinsights_sitenote_category":0,"site-sidebar-layout":"default","site-content-layout":"default","ast-global-header-display":"","ast-banner-title-visibility":"","ast-main-header-display":"","ast-hfb-above-header-display":"","ast-hfb-below-header-display":"","ast-hfb-mobile-header-display":"","site-post-title":"disabled","ast-breadcrumbs-content":"","ast-featured-img":"","footer-sml-layout":"","theme-transparent-header-meta":"","adv-header-id-meta":"","stick-header-meta":"","header-above-stick-meta":"","header-main-stick-meta":"","header-below-stick-meta":"","footnotes":""},"aioseo_notices":[],"_links":{"self":[{"href":"https:\/\/rgalia.es\/inicio\/wp-json\/wp\/v2\/pages\/61"}],"collection":[{"href":"https:\/\/rgalia.es\/inicio\/wp-json\/wp\/v2\/pages"}],"about":[{"href":"https:\/\/rgalia.es\/inicio\/wp-json\/wp\/v2\/types\/page"}],"author":[{"embeddable":true,"href":"https:\/\/rgalia.es\/inicio\/wp-json\/wp\/v2\/users\/1"}],"replies":[{"embeddable":true,"href":"https:\/\/rgalia.es\/inicio\/wp-json\/wp\/v2\/comments?post=61"}],"version-history":[{"count":3,"href":"https:\/\/rgalia.es\/inicio\/wp-json\/wp\/v2\/pages\/61\/revisions"}],"predecessor-version":[{"id":525,"href":"https:\/\/rgalia.es\/inicio\/wp-json\/wp\/v2\/pages\/61\/revisions\/525"}],"wp:attachment":[{"href":"https:\/\/rgalia.es\/inicio\/wp-json\/wp\/v2\/media?parent=61"}],"curies":[{"name":"wp","href":"https:\/\/api.w.org\/{rel}","templated":true}]}}