{"id":70,"date":"2023-05-19T13:00:26","date_gmt":"2023-05-19T13:00:26","guid":{"rendered":"https:\/\/rgalia.es\/?page_id=70"},"modified":"2023-06-12T16:51:08","modified_gmt":"2023-06-12T16:51:08","slug":"el-libro","status":"publish","type":"page","link":"https:\/\/rgalia.es\/inicio\/el-libro\/","title":{"rendered":"El Libro"},"content":{"rendered":"\n<div style=\"height:7px\" aria-hidden=\"true\" class=\"wp-block-spacer\"><\/div>\n\n\n\n<div class=\"wp-block-columns has-black-background-color has-background is-layout-flex wp-container-core-columns-layout-1 wp-block-columns-is-layout-flex\">\n<div class=\"wp-block-column is-layout-flow wp-block-column-is-layout-flow\" style=\"flex-basis:66.66%\">\n<figure class=\"wp-block-image size-large is-resized\"><img loading=\"lazy\" decoding=\"async\" src=\"https:\/\/rgalia.es\/wp-content\/uploads\/2023\/06\/texto-flores-1024x508.png\" alt=\"\" class=\"wp-image-518\" width=\"610\" height=\"302\" srcset=\"https:\/\/rgalia.es\/wp-content\/uploads\/2023\/06\/texto-flores-1024x508.png 1024w, https:\/\/rgalia.es\/wp-content\/uploads\/2023\/06\/texto-flores-300x149.png 300w, https:\/\/rgalia.es\/wp-content\/uploads\/2023\/06\/texto-flores-768x381.png 768w, https:\/\/rgalia.es\/wp-content\/uploads\/2023\/06\/texto-flores-600x298.png 600w, https:\/\/rgalia.es\/wp-content\/uploads\/2023\/06\/texto-flores.png 1279w\" sizes=\"(max-width: 610px) 100vw, 610px\" \/><\/figure>\n\n\n\n<p class=\"has-ast-global-color-5-color has-text-color\">Esa voz no ha dejado de perseguirme. Fue ella la que me empuj\u00f3 a viajar a Espa\u00f1a en busca de una explicaci\u00f3n; a este peque\u00f1o pueblo toledano donde vive mi abuela y en el que sus habitantes parecen ocultar su aut\u00e9ntica identidad tras cada puntada de sus bordados y encorsetadas tradiciones milenarias. Y tambi\u00e9n fue ella quien descubri\u00f3 la inscripci\u00f3n de mi medalla. Desde que la colgu\u00e9 de mi cuello, a la muerte de mi madre, los acontecimientos se han precipitado y el pasado se empe\u00f1a en regresar. En los convulsos a\u00f1os de la reconquista de Toledo y la misteriosa desaparici\u00f3n de la medina de Nafza en la memoria de los tiempos me aguardan las respuestas. Mi b\u00fasqueda se ha convertido en un peligroso viaje de iniciaci\u00f3n a trav\u00e9s de la historia y la verdad, en una cuesti\u00f3n de supervivencia.<\/p>\n<\/div>\n\n\n\n<div class=\"wp-block-column is-layout-flow wp-block-column-is-layout-flow\">\n<figure class=\"wp-block-image aligncenter size-large\"><img loading=\"lazy\" decoding=\"async\" width=\"754\" height=\"1024\" src=\"https:\/\/rgalia.es\/wp-content\/uploads\/2023\/06\/WhatsApp-Image-2023-06-04-at-12.56.29-2-1-754x1024.jpeg\" alt=\"\" class=\"wp-image-468\" srcset=\"https:\/\/rgalia.es\/wp-content\/uploads\/2023\/06\/WhatsApp-Image-2023-06-04-at-12.56.29-2-1-754x1024.jpeg 754w, https:\/\/rgalia.es\/wp-content\/uploads\/2023\/06\/WhatsApp-Image-2023-06-04-at-12.56.29-2-1-221x300.jpeg 221w, https:\/\/rgalia.es\/wp-content\/uploads\/2023\/06\/WhatsApp-Image-2023-06-04-at-12.56.29-2-1-768x1043.jpeg 768w, https:\/\/rgalia.es\/wp-content\/uploads\/2023\/06\/WhatsApp-Image-2023-06-04-at-12.56.29-2-1-600x815.jpeg 600w, https:\/\/rgalia.es\/wp-content\/uploads\/2023\/06\/WhatsApp-Image-2023-06-04-at-12.56.29-2-1.jpeg 1023w\" sizes=\"(max-width: 754px) 100vw, 754px\" \/><\/figure>\n<\/div>\n<\/div>\n\n\n\n<div style=\"height:10px\" aria-hidden=\"true\" class=\"wp-block-spacer\"><\/div>\n\n\n\n<h2 class=\"wp-block-heading\"><strong><em>Resumen<\/em><\/strong><\/h2>\n\n\n\n<p class=\"has-vivid-red-color has-text-color\">Si eres de los que prefiere que un libro le vaya sorprendiendo seg\u00fan avanzas en su lectura, \u00a1P\u00e1rate aqu\u00ed! \u00a1No sigas leyendo!<br>Pero si por el contrario eres de los que no puede evitar sucumbir a la tentaci\u00f3n de tener m\u00e1s informaci\u00f3n sobre su trama para decidir si este libro est\u00e1 hecho para ti, \u00a1Adelante!<\/p>\n\n\n\n<p>La lucha de una estirpe de mujeres por velar los <strong>artefactos del Templo de Jerusal\u00e9n<\/strong>, y en especial el sello de Salom\u00f3n, representa el tema central de esta novela de <strong>ficci\u00f3n hist\u00f3rica de intriga<\/strong>.<\/p>\n\n\n\n<p>A la muerte de su madre, Alma Miller, americana de madre espa\u00f1ola, encuentra unas <strong>cartas <\/strong>y una<strong> antigua medalla con un grabado indescifrable. Una frase, \u00abVuelve, no fue tu culpa\u00bb,<\/strong> le hace cuestionarse cu\u00e1nto conoc\u00eda a su progenitora y <strong>por qu\u00e9 oscura raz\u00f3n jam\u00e1s regres\u00f3 a su hogar<\/strong>. Empujada por una voz interior, que la incita a hallar la verdad, <strong>volar\u00e1 a Lagartera, <\/strong>un peque\u00f1o pueblo toledanodonde el arraigo y el acervo marcan la vida de sus gentes,<strong> para encontrarse con la familia materna que nunca conoci\u00f3<\/strong>.<\/p>\n\n\n\n<p>La medalla tendr\u00e1 el poder de conectar a Alma a trav\u00e9s de sus sue\u00f1os con <strong>Ali<\/strong>, <strong>un joven aprendiz de medicina <\/strong>en la d\u00e9cada de 1080 <strong>durante los convulsos tiempos de la Reconquista<\/strong> iniciada por el rey Alfonso VI sobre la taifa de Tulaytulah. Ali con ayuda de Alvar, <strong>un guerrero moz\u00e1rabe<\/strong> que sirve al rey leon\u00e9s, tratar\u00e1 por todos los medios de <strong>sobrevivir y preservar el sacro legado<\/strong>, tan antiguo como el Templo de Jerusal\u00e9n, recibido de su madre, una cristiana vieja, y las ense\u00f1anzas y valores inculcados por su padre, un sabio <em>hakim <\/em>musulm\u00e1n.&nbsp; Las aventuras y desventuras de Ali ir\u00e1n guiando a Alma para <strong>desvelarle el origen del pueblo natal de su madre<\/strong> y de su historia familiar <strong>ocultos entre bordados y tradiciones milenarias<\/strong>. A medida que <strong>las piezas del pasado y del presente vayan encajando<\/strong>, Alma terminar\u00e1 por descubrir la g\u00e9nesis del legado, que han protegido a lo largo de los siglos todas las mujeres de su familia, y c\u00f3mo su pasado entronca con el del rey Salom\u00f3n. Ali y Lagartera no solo proporcionar\u00e1n a la protagonista las respuestas que busca, tambi\u00e9n <strong>pondr\u00e1n patas arriba sus m\u00e1s hondas creencias y le obligar\u00e1n a<\/strong> enfrentarse a la dif\u00edcil decisi\u00f3n de <strong>huir<\/strong>, como antes hiciera su madre, <strong>o comenzar el proceso de iniciaci\u00f3n para tomar el relevo<\/strong> de su abuela como <strong>jefa de una organizaci\u00f3n secreta<\/strong> destinada a garantizar que los objetos del Templo no caigan en manos equivocadas.<\/p>\n\n\n\n<p>La trama de Anank\u00e9, Labranderas de Sue\u00f1os, fluct\u00faa <strong>entre los tiempos de la Reconquista y el presente en cap\u00edtulos alternos para contar la historia de sus protagonistas en dos l\u00edneas paralelas narrativas.<\/strong> A pesar de que al principio resultar\u00e1 complicado encontrar relaci\u00f3n entre ambas<strong>, la novela armoniza historia y ficci\u00f3n&nbsp;para progresivamente ir uni\u00e9ndolas y dar respuesta a los interrogantes que presentan el conflicto de Alma<\/strong>. El Toledo de las tres culturas y el presente se entrecruzan en esta novela donde los hechos pasados dar\u00e1n explicaci\u00f3n al <strong>origen del folklore lagarterano y al misterioso final de la ciudad de Vascos,<\/strong> una antigua medina andalus\u00ed <strong>que desapareci\u00f3 en la historia sin dejar m\u00e1s rastro<\/strong> que el de sus propias ruinas.<\/p>\n\n\n\n<p>La novela contiene <strong>antiguas tradiciones, folklore, acertijos, superstici\u00f3n, referencias alqu\u00edmicas, antropol\u00f3gicas y astron\u00f3micas, y presenta apariciones ficticias de personajes hist\u00f3ricos<\/strong> como el <strong>rey Salom\u00f3n, la reina de Saba, el rey Alfonso VI, el arzobispo de Toledo Bernardo de S\u00e9dirac, el rey taifa al-Q\u00e1dir, el sabio al-Said, el astr\u00f3nomo Azarquiel, Witiza, don Rodrigo o el m\u00edstico fray Juan de los \u00c1ngeles<\/strong> entre otros en localizaciones tan dispares como <strong>Tulaytulah, al-Talabira, Nafza, Oropesa, Lagartera, el castro vet\u00f3n de El Raso, Ohio o Uganda<\/strong>.<\/p>\n","protected":false},"excerpt":{"rendered":"<p>Esa voz no ha dejado de perseguirme. Fue ella la que me empuj\u00f3 a viajar a Espa\u00f1a en busca de una explicaci\u00f3n; a este peque\u00f1o pueblo toledano donde vive mi abuela y en el que sus habitantes parecen ocultar su aut\u00e9ntica identidad tras cada puntada de sus bordados y encorsetadas tradiciones milenarias. Y tambi\u00e9n fue &hellip;<\/p>\n<p class=\"read-more\"> <a class=\"\" href=\"https:\/\/rgalia.es\/inicio\/el-libro\/\"> <span class=\"screen-reader-text\">El Libro<\/span> Leer m\u00e1s &raquo;<\/a><\/p>\n","protected":false},"author":1,"featured_media":0,"parent":0,"menu_order":0,"comment_status":"closed","ping_status":"closed","template":"","meta":{"om_disable_all_campaigns":false,"_monsterinsights_skip_tracking":false,"_monsterinsights_sitenote_active":false,"_monsterinsights_sitenote_note":"","_monsterinsights_sitenote_category":0,"site-sidebar-layout":"default","site-content-layout":"default","ast-global-header-display":"","ast-banner-title-visibility":"","ast-main-header-display":"","ast-hfb-above-header-display":"","ast-hfb-below-header-display":"","ast-hfb-mobile-header-display":"","site-post-title":"disabled","ast-breadcrumbs-content":"","ast-featured-img":"","footer-sml-layout":"","theme-transparent-header-meta":"","adv-header-id-meta":"","stick-header-meta":"","header-above-stick-meta":"","header-main-stick-meta":"","header-below-stick-meta":"","footnotes":""},"aioseo_notices":[],"_links":{"self":[{"href":"https:\/\/rgalia.es\/inicio\/wp-json\/wp\/v2\/pages\/70"}],"collection":[{"href":"https:\/\/rgalia.es\/inicio\/wp-json\/wp\/v2\/pages"}],"about":[{"href":"https:\/\/rgalia.es\/inicio\/wp-json\/wp\/v2\/types\/page"}],"author":[{"embeddable":true,"href":"https:\/\/rgalia.es\/inicio\/wp-json\/wp\/v2\/users\/1"}],"replies":[{"embeddable":true,"href":"https:\/\/rgalia.es\/inicio\/wp-json\/wp\/v2\/comments?post=70"}],"version-history":[{"count":60,"href":"https:\/\/rgalia.es\/inicio\/wp-json\/wp\/v2\/pages\/70\/revisions"}],"predecessor-version":[{"id":519,"href":"https:\/\/rgalia.es\/inicio\/wp-json\/wp\/v2\/pages\/70\/revisions\/519"}],"wp:attachment":[{"href":"https:\/\/rgalia.es\/inicio\/wp-json\/wp\/v2\/media?parent=70"}],"curies":[{"name":"wp","href":"https:\/\/api.w.org\/{rel}","templated":true}]}}